{"id":12,"date":"2011-11-14T03:02:52","date_gmt":"2011-11-14T03:02:52","guid":{"rendered":"http:\/\/www.ignatowiczmusic.com\/pl\/?page_id=12"},"modified":"2024-10-31T16:58:07","modified_gmt":"2024-10-31T16:58:07","slug":"biografia","status":"publish","type":"page","link":"https:\/\/www.pawelignatowicz.com\/pl\/o-mnie\/biografia\/","title":{"rendered":"Biografia"},"content":{"rendered":"<p><img decoding=\"async\" class=\"image-frame alignright\" src=\"http:\/\/www.pawelignatowicz.com\/pl\/wp-content\/uploads\/2011\/11\/bio-300x198.jpg\" \/><\/p>\n<p>Pawe\u0142 Ignatowicz &#8211; gitarzysta, kompozytor i producent muzyczny mieszkaj\u0105cy w Nowym Jorku, urodzony 20 grudnia 1980 roku w \u017bywcu. Jest uwa\u017cany za jednego z najbardziej niezwyk\u0142ych i wyr\u00f3\u017cniaj\u0105cych si\u0119 gitarzyst\u00f3w i kompozytor\u00f3w \u0142\u0105cz\u0105cych jazz i rock swojego pokolenia. Wirtuoz gitary z ogromnym wyczuciem rytmu, Ignatowicz p\u0142ynnie \u0142\u0105czy intensywn\u0105 jazzow\u0105 improwizacj\u0119 i progresywny rock z innymi gatunkami muzycznymi.<\/p>\n<p>Otoczony r\u00f3\u017cnorodnymi wp\u0142ywami muzycznymi od najm\u0142odszych lat, Ignatowicz by\u0142 inspirowany przez swojego ojca, multiinstrumentalist\u0119, kt\u00f3ry zaznajomi\u0142 go z muzyk\u0105 ludow\u0105 G\u00f3rali Beskidu \u017bywieckiego oraz nowoorlea\u0144skim jazzem dixielandowym. W wieku 8 lat Ignatowicz rozpocz\u0105\u0142 nauk\u0119 w Pa\u0144stwowej Szkole Muzycznej, w klasie klarnetu i fortepianu a p\u00f3\u017aniej saksofonu, zanim w 10 roku \u017cycia odkry\u0142 swoj\u0105 prawdziw\u0105 pasj\u0119 do gitary. Jest wirtuozem gitary elektrycznej, akustycznej, nylonowej, bezprogowej, syntezatora gitarowego i elektrycznego sitaru.<\/p>\n<p>Ignatowicz uzyska\u0142 tytu\u0142 magistra sztuki na Uniwersytecie \u015al\u0105skim, specjalizuj\u0105c si\u0119 w grze na gitarze jazzowej pod kierunkiem prof. Karola Ferfeckiego. Po uko\u0144czeniu studi\u00f3w w 2005 roku przeprowadzi\u0142 si\u0119 do Nowego Jorku, aby kontynuowa\u0107 karier\u0119 muzyczn\u0105. Jego kompozycje \u0142\u0105cz\u0105 elementy jazzu straight-ahead i fusion, z wp\u0142ywami rytm\u00f3w Ameryki Po\u0142udniowej i Indii, licznych gatunk\u00f3w muzycznych takich jak drum and bass, rock czy muzyki minimal, w kt\u00f3rych akustyczne brzmienia \u0142\u0105czy z elementami elektrycznymi. Ignatowicz wierzy w przekraczanie granic gatunk\u00f3w, koncentruj\u0105c si\u0119 na jako\u015bci melodii, harmonii i brzmienia. Jego muzyka ma wyd\u017awi\u0119k wielokulturowy, jednocze\u015bnie jednak g\u0142\u0119boko zakorzeniona jest w tradycji jazzu.<\/p>\n<p>Wra\u017cliwo\u015b\u0107 muzyczna Ignatowicza inspirowana jest wieloma r\u00f3\u017cnorodnymi wp\u0142ywami, od dzieci\u0119cej fascynacji zespo\u0142em Queen, przez wirtuozeri\u0119 Steve&#8217;a Vai&#8217;a, po g\u0142\u0119boki wp\u0142yw Milesa Davisa i Johna Coltrane&#8217;a. Ignatowicz k\u0142adzie nacisk na tworzenie muzycznych przestrzeni bez granic gatunkowych, m\u00f3wi\u0105c: \u201eJedynym rozs\u0105dnym podzia\u0142em muzyki jest jej podzia\u0142 na dobr\u0105 i z\u0142\u0105\u201d.<\/p>\n<p>Pawe\u0142 Ignatowicz wsp\u00f3\u0142pracowa\u0142 z wieloma wybitnymi muzykami, w tym z Johnem Benitezem, Richiem Cannat\u0105, Ari Hoenigiem, Glennem Zaleskim, Edwardem Perezem, Ferencem Nemethem, Colinem Stranahanem, Julianem Shorem, Rickiem Rosato, Benito Gonzalezem, Luquesem Curtisem, Dan\u0105 Hawkinsem, Adamem Ba\u0142dychem, Piotrem Wyle\u017co\u0142em i Ofri Nehemya. Wyda\u0142 sw\u00f3j debiutancki album \u201eTalk To You Later\u201d w 2008 roku i skomponowa\u0142 muzyk\u0119 do filmu \u201ePodw\u00f3jny oddech\u201d w re\u017cyserii Rafa\u0142a Janusa w 2011 roku. Jego ostatni album \u201eHere and Now\u201d (2017) prezentuje r\u00f3\u017cnorodne po\u0142\u0105czenie brzmie\u0144 akustycznych i elektrycznych, z udzia\u0142em muzyk\u00f3w takich jak Ferenc Nemeth, Julian Shore, Edward Perez i Jonathan Singer.<\/p>\n<p>Ignatowicz wyst\u0119powa\u0142 w wielu legendarnych klubach jazzowych i salach koncertowych, takich jak Dizzy\u2019s Club, The Django, 55 Bar w Nowym Jorku i Blues Alley w Waszyngtonie. W 2023 roku w\u0142adze \u017bywca uhonorowa\u0142y go tytu\u0142em \u201eAmbasadora Miasta \u017bywiec\u201d za osi\u0105gni\u0119cia i dzia\u0142alno\u015b\u0107 artystyczn\u0105. Zosta\u0142 r\u00f3wnie\u017c zaproszony przez ambasadora Polski w Waszyngtonie do wyst\u0119pu na 25-lecie upadku komunizmu w Polsce.<\/p>\n","protected":false},"excerpt":{"rendered":"<p>Pawe\u0142 Ignatowicz &#8211; gitarzysta, kompozytor i producent muzyczny mieszkaj\u0105cy w Nowym Jorku, urodzony 20 grudnia 1980 roku w \u017bywcu. Jest uwa\u017cany za jednego z najbardziej niezwyk\u0142ych i wyr\u00f3\u017cniaj\u0105cych si\u0119 gitarzyst\u00f3w i kompozytor\u00f3w \u0142\u0105cz\u0105cych jazz i rock swojego pokolenia. Wirtuoz gitary z ogromnym wyczuciem rytmu, Ignatowicz p\u0142ynnie \u0142\u0105czy intensywn\u0105 jazzow\u0105 improwizacj\u0119 i progresywny rock z innymi [&hellip;]<\/p>\n","protected":false},"author":1,"featured_media":0,"parent":594,"menu_order":0,"comment_status":"open","ping_status":"closed","template":"page-fullwidth.php","meta":{"_mc_calendar":[],"footnotes":""},"class_list":["post-12","page","type-page","status-publish","hentry"],"_links":{"self":[{"href":"https:\/\/www.pawelignatowicz.com\/pl\/wp-json\/wp\/v2\/pages\/12","targetHints":{"allow":["GET"]}}],"collection":[{"href":"https:\/\/www.pawelignatowicz.com\/pl\/wp-json\/wp\/v2\/pages"}],"about":[{"href":"https:\/\/www.pawelignatowicz.com\/pl\/wp-json\/wp\/v2\/types\/page"}],"author":[{"embeddable":true,"href":"https:\/\/www.pawelignatowicz.com\/pl\/wp-json\/wp\/v2\/users\/1"}],"replies":[{"embeddable":true,"href":"https:\/\/www.pawelignatowicz.com\/pl\/wp-json\/wp\/v2\/comments?post=12"}],"version-history":[{"count":10,"href":"https:\/\/www.pawelignatowicz.com\/pl\/wp-json\/wp\/v2\/pages\/12\/revisions"}],"predecessor-version":[{"id":1039,"href":"https:\/\/www.pawelignatowicz.com\/pl\/wp-json\/wp\/v2\/pages\/12\/revisions\/1039"}],"up":[{"embeddable":true,"href":"https:\/\/www.pawelignatowicz.com\/pl\/wp-json\/wp\/v2\/pages\/594"}],"wp:attachment":[{"href":"https:\/\/www.pawelignatowicz.com\/pl\/wp-json\/wp\/v2\/media?parent=12"}],"curies":[{"name":"wp","href":"https:\/\/api.w.org\/{rel}","templated":true}]}}