{"id":534,"date":"2013-10-22T20:33:09","date_gmt":"2013-10-22T20:33:09","guid":{"rendered":"http:\/\/www.pawelignatowicz.com\/pl\/?page_id=534"},"modified":"2023-10-30T02:20:09","modified_gmt":"2023-10-30T02:20:09","slug":"cytaty","status":"publish","type":"page","link":"https:\/\/www.pawelignatowicz.com\/pl\/o-mnie\/cytaty\/","title":{"rendered":"Cytaty"},"content":{"rendered":"<p class=\"has-text-align-left\"><em>&#8222;Wygl\u0105da na to, \u017ce nie mamy wystarczaj\u0105co wielu naszych w\u0142asnych wybitnych gitarzyst\u00f3w, wi\u0119c musieli\u015bmy sprowadzi\u0107 jednego, \u017ceby trzyma\u0107 wszystkich w napi\u0119ciu. Graj\u0105c poza oczekiwanymi schematami, Ignatowicz<\/em> <em>prezentuje \u0142agodne brzmienie gitary, ale nie potrzebuje fajerwerk\u00f3w, by przekaza\u0107 swoje przes\u0142anie. Doskonale zna odpowiednie umiej\u0119tno\u015bci, kt\u00f3re pozwalaj\u0105 mu wyr\u00f3\u017cnia\u0107 si\u0119 nawet wtedy, gdy jest dyskretny. To na\u0142adowana atmosfera, kt\u00f3rej nie b\u0119dziesz m\u00f3g\u0142 trzyma\u0107 w tle zbyt d\u0142ugo, bez wzgl\u0119du na to, jak bardzo si\u0119 b\u0119dziesz stara\u0142. Cudowny elektryczny smak czego\u015b innego&#8221;<\/em>.<\/p>\n<p class=\"has-text-align-right\">&#8211; <strong>CHRIS SPECTOR, Midwest Record\/USA &#8211; 11\/15\/17<\/strong><\/p>\n<\/p>\n<p><em>\u201cPawel Ignatowicz jest jednym z najbardziej ekscytuj\u0105cych m\u0142odych gitarzyst\u00f3w jakiego s\u0142ysza\u0142em od d\u0142ugiego czasu.<br \/>Jego nowy album jest pe\u0142en pi\u0119knych, dramatycznych kompozycji granych z wirtuozeri\u0105 i g\u0142\u0119bok\u0105, pe\u0142n\u0105 uczucia pasj\u0105.<br \/>Ma pi\u0119kny ton i wspania\u0142e poczucie melodii, a wraz z jego szerok\u0105 palet\u0105 d\u017awi\u0119k\u00f3w gitarowych tworzy podr\u00f3\u017c, kt\u00f3ra porywa od pocz\u0105tku do ko\u0144ca. Jego gwiazda na pewno wzrasta\u201d.<\/em><\/p>\n<p class=\"has-text-align-right\">&#8211; <strong>Dave Darlington<\/strong>, Bass Hit Recording \u2013 in<em>\u017c<\/em>ynier muzyczny \/ wielokrotny zdobywca nagr<em>\u00f3<\/em>d GRAMMY\u00ae<\/p>\n<p><em>&#8222;Pawe\u0142 Ignatowicz jest szanowanym gitarzyst\u0105 i zapewne bezkonkurencyjn\u0105 polsk\u0105 gwiazd\u0105 dzi\u0119ki swojej niew\u0105tpliwej pewno\u015bci siebie. To zar\u00f3wno pierwszorz\u0119dny muzyk jak i &#8211; pod wzgl\u0119dem technicznym &#8211; gitarzysta wysokiej klasy.&#8221;<\/em><\/p>\n<p class=\"has-text-align-right\">&#8211; <strong>Alexander Schmitz,<\/strong> Jazz Podium\/Niemcy<\/p>\n<p><em>&#8222;Pawe\u0142 Ignatowicz prowadzi grup\u0119 gwiazd m\u0142odego pokolenia Nowego Jorku w tym gitarowym projekcie jazzowym. Jego ton jest bardzo silny, z bogat\u0105, ostr\u0105 jako\u015bci\u0105. Jego decyzja o opuszczeniu ojczystej Polski pokazuje, jak wiele nale\u017cy do jazzowej stolicy \u015bwiata. \u015awietny, kreatywny, jazzowy gitarowy g\u0142os&#8221;.<\/em><\/p>\n<p class=\"has-text-align-right\">\u2013 <strong>Mr. Biz Bisard \u2013 WNMC<\/strong> \u2013 Jazz Week reporting station\/USA<\/p>\n<p><em>\u201ePawel Ignatowicz to utalentowany multiinstrumentalista. W magiczny spos\u00f3b tworzy swoj\u0105 gitar\u0105 \u015bwiat d\u017awi\u0119kowy przywo\u0142uj\u0105c na my\u015bl rogi, stroiki i instrumenty d\u0119te. Jego unikalna paleta tworzy efekt orkiestrowy na jednym instrumencie, prezentuj\u0105c szeroki zakres umiej\u0119tno\u015bci na swoim albumie \u201eHere and Now\u201d &#8222;. Indywidualny, zainspirowany i odwa\u017cny Ignatowicz plasuje si\u0119 w awangardzie innowacyjnych gitarzyst\u00f3w. Jego muzyka, od zapadaj\u0105cego w pami\u0119\u0107 \u201eDarkness at Noon\u201d po hipnotyczny rytm \u201eOpen Skies\u201d, jest wzbogacona przez innych muzyk\u00f3w dziel\u0105cych si\u0119 jego kunsztem i wizj\u0105 .\u201d<\/em><br \/>&nbsp;&nbsp;&nbsp;&nbsp;&nbsp;&nbsp;&nbsp;&nbsp;&nbsp;&nbsp;&nbsp;&nbsp;&nbsp;&nbsp;&nbsp;&nbsp;&nbsp;&nbsp;&nbsp;&nbsp;&nbsp;&nbsp;&nbsp;&nbsp;&nbsp;&nbsp;&nbsp;&nbsp;&nbsp;&nbsp;&nbsp;&nbsp;&nbsp;&nbsp;&nbsp;&nbsp;&nbsp;&nbsp;&nbsp;&nbsp;&nbsp;&nbsp;&nbsp;&nbsp;&nbsp;&nbsp;&nbsp;&nbsp;&nbsp;&nbsp;&nbsp;&nbsp;&nbsp;&nbsp;&nbsp;&nbsp;&nbsp;&nbsp;&nbsp;&nbsp;&nbsp;&nbsp;&nbsp;&nbsp;&nbsp;&nbsp;&nbsp;&nbsp;&nbsp;&nbsp;&nbsp;&nbsp;&nbsp;&nbsp;&nbsp;&nbsp;&nbsp;&nbsp;&nbsp;&nbsp;&nbsp;&nbsp;&nbsp;&nbsp;&nbsp;&nbsp;&nbsp;&nbsp;&nbsp;&nbsp;&nbsp;&nbsp;&nbsp;&nbsp;&nbsp;&nbsp;&nbsp;&nbsp;&nbsp;&nbsp;&nbsp;&nbsp;&nbsp;&nbsp;&nbsp;&nbsp;&nbsp;&nbsp;&nbsp; &nbsp; &nbsp; &nbsp; &nbsp; &nbsp; &nbsp; &nbsp; &nbsp; &nbsp; &nbsp; &nbsp; &nbsp; &nbsp; &nbsp; &nbsp; &nbsp; &nbsp; &nbsp; &nbsp; &nbsp; &nbsp; &nbsp; &nbsp; &nbsp; &nbsp; &nbsp; &nbsp; &nbsp; &nbsp; &nbsp; &nbsp; &nbsp; &nbsp; &nbsp; &nbsp; &nbsp; &nbsp; &nbsp; &nbsp; &nbsp; &nbsp; &nbsp; &nbsp; &nbsp; &nbsp; &nbsp; &nbsp; &nbsp; &nbsp; &nbsp; &nbsp; &nbsp; &nbsp; &nbsp; &nbsp; &nbsp; &nbsp; &nbsp; &nbsp; &nbsp; &nbsp; &nbsp; &nbsp; &nbsp; &nbsp; &nbsp; &nbsp; &nbsp; &nbsp; &nbsp; &nbsp; &nbsp; &nbsp; &nbsp; &nbsp; &nbsp; &nbsp; &nbsp; &nbsp; &nbsp; &nbsp; &nbsp; &nbsp; &nbsp; &nbsp; &nbsp; &nbsp; &nbsp; &nbsp; &nbsp; &nbsp; &nbsp; &nbsp; &nbsp; &nbsp; &nbsp; &nbsp;                                       <strong>&#8211; Raul da Gama<\/strong>, Jazz Da Gama\/Kanada<\/p>\n<p><em>\u201c\u2026Wypracowa\u0142 w\u0142asny styl improwizacji nacechowany liryzmem\u2026Trzyma napi\u0119ciu od pierwszego do ostatniego utworu. Chcia\u0142oby si\u0119 pos\u0142ucha\u0107 Paw\u0142a Ignatowicza na \u017cywo.\u201d&nbsp;<\/em> &nbsp;&nbsp;&nbsp;&nbsp;&nbsp;&nbsp;&nbsp;&nbsp;&nbsp;&nbsp;&nbsp;&nbsp;&nbsp;&nbsp;&nbsp;&nbsp;&nbsp;&nbsp;&nbsp;&nbsp;&nbsp;&nbsp;&nbsp;&nbsp;&nbsp;&nbsp;&nbsp;&nbsp;&nbsp;&nbsp;&nbsp;&nbsp;&nbsp;&nbsp;&nbsp;&nbsp;&nbsp;&nbsp;&nbsp;&nbsp;&nbsp;&nbsp;&nbsp;&nbsp;&nbsp;&nbsp;&nbsp;&nbsp;&nbsp;&nbsp;&nbsp;&nbsp;&nbsp;&nbsp;&nbsp;&nbsp;&nbsp;&nbsp;&nbsp;&nbsp; &nbsp; &nbsp; &nbsp; &nbsp; &nbsp; &nbsp; &nbsp; &nbsp; &nbsp; &nbsp; &nbsp; &nbsp; &nbsp; &nbsp; &nbsp; &nbsp; &nbsp; &nbsp; &nbsp; &nbsp; &nbsp; &nbsp; &nbsp; &nbsp; &nbsp; &nbsp; &nbsp; &nbsp; &nbsp; &nbsp; &nbsp; &nbsp; &nbsp; &nbsp; &nbsp; &nbsp; &nbsp; &nbsp; &nbsp; &nbsp; &nbsp; &nbsp; &nbsp; &nbsp; &nbsp; &nbsp; &nbsp; &nbsp; &nbsp; &nbsp; &nbsp; &nbsp; &nbsp; &nbsp; &nbsp; &nbsp; &nbsp; &nbsp; &nbsp; &nbsp; &nbsp; <strong>&#8211; Marek Dusza\/Audio<\/strong>: January 2018 Jazz Record Review \/ Polska<\/p>\n<p><em>\u201cTo dla mnie wielki zaszczyt, m\u00f3c by\u0107 na scenie z jednym z m\u0142odych talent\u00f3w. Wiem, \u017ce bedzie o nim g\u0142o\u015bno, zar\u00f3wno jako o kompozytorze, jak i gitarzy\u015bcie. Pawe\u0142 jest r\u00f3wnie\u017c bardzo skromnym i dobrym koleg\u0105. I czuj\u0119 si\u0119 bardzo uhonorowany, graj\u0105c na jednej scenie z kim\u015b, kto posiada takie cechy. Samo do\u015bwiadczenie ju\u017c jest zaszczytem\u201d.<\/em><\/p>\n<p class=\"has-text-align-right\">&#8211; <strong>John Benitez<\/strong> \u2013 basista \/ zdobywca czterech nagr<em>\u00f3<\/em>d GRAMMY\u00ae<\/p>\n","protected":false},"excerpt":{"rendered":"<p>&#8222;Wygl\u0105da na to, \u017ce nie mamy wystarczaj\u0105co wielu naszych w\u0142asnych wybitnych gitarzyst\u00f3w, wi\u0119c musieli\u015bmy sprowadzi\u0107 jednego, \u017ceby trzyma\u0107 wszystkich w napi\u0119ciu. Graj\u0105c poza oczekiwanymi schematami, Ignatowicz prezentuje \u0142agodne brzmienie gitary, ale nie potrzebuje fajerwerk\u00f3w, by przekaza\u0107 swoje przes\u0142anie. Doskonale zna odpowiednie umiej\u0119tno\u015bci, kt\u00f3re pozwalaj\u0105 mu wyr\u00f3\u017cnia\u0107 si\u0119 nawet wtedy, gdy jest dyskretny. To na\u0142adowana atmosfera, [&hellip;]<\/p>\n","protected":false},"author":1,"featured_media":0,"parent":594,"menu_order":0,"comment_status":"closed","ping_status":"closed","template":"page-fullwidth.php","meta":{"_mc_calendar":[],"footnotes":""},"class_list":["post-534","page","type-page","status-publish","hentry"],"_links":{"self":[{"href":"https:\/\/www.pawelignatowicz.com\/pl\/wp-json\/wp\/v2\/pages\/534","targetHints":{"allow":["GET"]}}],"collection":[{"href":"https:\/\/www.pawelignatowicz.com\/pl\/wp-json\/wp\/v2\/pages"}],"about":[{"href":"https:\/\/www.pawelignatowicz.com\/pl\/wp-json\/wp\/v2\/types\/page"}],"author":[{"embeddable":true,"href":"https:\/\/www.pawelignatowicz.com\/pl\/wp-json\/wp\/v2\/users\/1"}],"replies":[{"embeddable":true,"href":"https:\/\/www.pawelignatowicz.com\/pl\/wp-json\/wp\/v2\/comments?post=534"}],"version-history":[{"count":44,"href":"https:\/\/www.pawelignatowicz.com\/pl\/wp-json\/wp\/v2\/pages\/534\/revisions"}],"predecessor-version":[{"id":997,"href":"https:\/\/www.pawelignatowicz.com\/pl\/wp-json\/wp\/v2\/pages\/534\/revisions\/997"}],"up":[{"embeddable":true,"href":"https:\/\/www.pawelignatowicz.com\/pl\/wp-json\/wp\/v2\/pages\/594"}],"wp:attachment":[{"href":"https:\/\/www.pawelignatowicz.com\/pl\/wp-json\/wp\/v2\/media?parent=534"}],"curies":[{"name":"wp","href":"https:\/\/api.w.org\/{rel}","templated":true}]}}