{"id":545,"date":"2013-10-22T20:53:38","date_gmt":"2013-10-22T20:53:38","guid":{"rendered":"http:\/\/www.pawelignatowicz.com\/pl\/?page_id=545"},"modified":"2024-11-15T18:45:27","modified_gmt":"2024-11-15T18:45:27","slug":"lekcje","status":"publish","type":"page","link":"https:\/\/www.pawelignatowicz.com\/pl\/lekcje\/","title":{"rendered":"Lekcje"},"content":{"rendered":"<p><img decoding=\"async\" class=\"image-frame alignright\" src=\"https:\/\/pawelignatowicz.com\/eng\/wp-content\/uploads\/2011\/11\/bio-300x198.jpg\" \/><\/p>\n<p><strong>Greenpoint School of Music<\/strong><\/p>\n<p><em><strong>Nakarm swoj\u0105 dusz\u0119 muzyk\u0105!<\/strong><\/em><\/p>\n<p>Greenpoint School of Music, prowadzona jest przez Paw\u0142a Ignatowicza\u2014profesjonalnego gitarzyst\u0119 jazzowego, kompozytora i pasjonata nauczania muzyki.Jest miejscem, gdzie kreatywno\u015b\u0107 spotyka si\u0119 z profesjonalizmem. Pawe\u0142, posiada tytu\u0142 magistra sztuki w dziedzinie gitary jazzowej oraz edukacji muzycznej, wnosi do ka\u017cdej lekcji pasj\u0119 do nauki i rozwoju.<\/p>\n<p>Nasza szko\u0142a znajduje si\u0119 w sercu Greenpointu na Brooklynie i oferuje prywatne, indywidualnie dostosowane lekcje muzyki. Uczniowie mog\u0105 nauczy\u0107 si\u0119 gry na gitarze, pianinie, ukulele oraz wzi\u0105\u0107 udzia\u0142 w lekcjach \u015bpiewu w przyjaznym studio, kt\u00f3re zach\u0119ca do odkrywania arkan\u00f3w u\u017cyli oraz zadawania pyta\u0144. Niezale\u017cnie od tego, czy jeste\u015b pocz\u0105tkuj\u0105cym muzykiem, czy pragniesz rozwija\u0107 swoje umiej\u0119tno\u015bci, pomo\u017cemy ci w pokonywaniu trudno\u015bci tak aby\u015b czerpa\u0142 rado\u015b\u0107 z tw\u00f3rczo\u015bci muzycznej.<\/p>\n<p>Nasza filozofia jest prosta: muzyka jest dla ka\u017cdego. Rozumiemy, \u017ce ka\u017cdy ucze\u0144 ma swoje tempo rozwoju muzycznego i unikalne potrzeby. Dlatego nasze lekcje dostosowujemy do indywidualnych umiej\u0119tno\u015bci i zainteresowa\u0144 muzycznych. Oferujemy szeroki wachlarz styl\u00f3w muzycznych: od klasyki, jazzu, po rock, R&amp;B i pop. Dzi\u0119ki temu ka\u017cdy ucze\u0144 mo\u017ce zg\u0142\u0119bia\u0107 ulubione gatunki, jednocze\u015bnie poszerzaj\u0105c swoje muzyczne horyzonty.<\/p>\n<p>W Greenpoint School of Music k\u0142adziemy szczeg\u00f3lny nacisk na budowanie solidnych podstaw muzycznych. Uczniowie rozwijaj\u0105 kluczowe umiej\u0119tno\u015bci, takie jak czytanie nut, teoria muzyki, technika, repertuar i kreatywno\u015b\u0107. Takie podej\u015bcie sprzyja mi\u0142o\u015bci do muzyki i zapewnia mocne podstawy techniczne, dok\u0142adaj\u0105c przy tym wag\u0119 do indywidualno\u015bci i artystycznego wyrazu uczni\u00f3w.<\/p>\n<p>Zapraszamy uczni\u00f3w w ka\u017cdym wieku i na ka\u017cdym poziomie zaawansowania. Liczba miejsc w lekcjach jest ograniczona, dlatego zach\u0119camy do kontaktu przez sekcj\u0119 \u201eKontakt\u201d poni\u017cej, aby rozpocz\u0105\u0107 swoj\u0105 muzyczn\u0105 podr\u00f3\u017c ju\u017c dzi\u015b!<\/p>\n<p>**Zasady i Regu\u0142y**<\/p>\n<p>**Lekcje Wprowadzaj\u0105ce**<\/p>\n<p>Oferujemy jednorazow\u0105, promocyjn\u0105 lekcj\u0119 wprowadzaj\u0105c\u0105 dla nowych uczni\u00f3w i ich rodzin. To \u015bwietna okazja na zapoznanie si\u0119, om\u00f3wienie muzycznych zainteresowa\u0144 oraz ocen\u0119, czy nasze zaj\u0119cia b\u0119d\u0105 dla ciebie odpowiednie. Po lekcji wprowadzaj\u0105cej prosimy o zaplanowanie regularnych lekcji zgodnych z wiekiem ucznia oraz wybranym instrumentem. Je\u015bli masz ju\u017c do\u015bwiadczenie muzyczne, przynie\u015b dotychczasowy repertuar\u2014nawet je\u015bli nie planujesz nad nim pracowa\u0107, pomo\u017ce nam to lepiej zrozumie\u0107 twoje umiej\u0119tno\u015bci.<\/p>\n<p>**Lekcje dla M\u0142odszych Dzieci**<\/p>\n<p>Dzieci poni\u017cej 5 roku \u017cycia mog\u0105 nie by\u0107 gotowe na formalne lekcje gry na gitarze lub ukulele, jednak ka\u017cde dziecko jest inne i mo\u017cliwe s\u0105 wyj\u0105tki. Je\u015bli dziecko bardzo chce nauczy\u0107 si\u0119 gra\u0107 na instrumencie, zach\u0119camy do kontaktu w celu om\u00f3wienia dost\u0119pnych opcji.<\/p>\n<p>**Harmonogram i Odwo\u0142ywanie Lekcji**<\/p>\n<p>Wszystkie lekcje nale\u017cy op\u0142aci\u0107 z g\u00f3ry. P\u0142atno\u015bci s\u0105 dokonywane w ostatnim tygodniu ka\u017cdego miesi\u0105ca na pokrycie zaj\u0119\u0107 w nast\u0119pnym miesi\u0105cu. Je\u015bli wiesz z wyprzedzeniem, \u017ce nie b\u0119dziesz m\u00f3g\u0142 uczestniczy\u0107 w konkretnej lekcji, prosimy o informacj\u0119 przy dokonywaniu p\u0142atno\u015bci miesi\u0119cznej \u2013 w\u00f3wczas op\u0142ata za t\u0119 lekcj\u0119 nie b\u0119dzie naliczona. W przeciwnym razie lekcje s\u0105 bezzwrotne, a odwo\u0142ane zaj\u0119cia nie mog\u0105 by\u0107 przeniesione na inny termin.<\/p>\n<p>**Sp\u00f3\u017anienia i Opuszczone Lekcje**<\/p>\n<p>W przypadku sp\u00f3\u017anienia prosimy o kontakt mailowy lub telefoniczny. Uczniowie, kt\u00f3rzy sp\u00f3\u017ani\u0105 si\u0119 o wi\u0119cej ni\u017c 10 minut, trac\u0105 lekcj\u0119 bez mo\u017cliwo\u015bci zwrotu koszt\u00f3w. Dok\u0142adamy wszelkich stara\u0144, aby by\u0107 obecnym na ka\u017cdej zaplanowanej lekcji; w przypadku konieczno\u015bci odwo\u0142ania zaj\u0119\u0107 z powodu choroby lub innego nag\u0142ego zdarzenia, zwr\u00f3cimy op\u0142at\u0119 lub odpowiednio obni\u017cymy kolejn\u0105 p\u0142atno\u015b\u0107.<\/p>\n","protected":false},"excerpt":{"rendered":"<p>Greenpoint School of Music Nakarm swoj\u0105 dusz\u0119 muzyk\u0105! Greenpoint School of Music, prowadzona jest przez Paw\u0142a Ignatowicza\u2014profesjonalnego gitarzyst\u0119 jazzowego, kompozytora i pasjonata nauczania muzyki.Jest miejscem, gdzie kreatywno\u015b\u0107 spotyka si\u0119 z profesjonalizmem. Pawe\u0142, posiada tytu\u0142 magistra sztuki w dziedzinie gitary jazzowej oraz edukacji muzycznej, wnosi do ka\u017cdej lekcji pasj\u0119 do nauki i rozwoju. Nasza szko\u0142a znajduje [&hellip;]<\/p>\n","protected":false},"author":1,"featured_media":0,"parent":0,"menu_order":0,"comment_status":"closed","ping_status":"closed","template":"","meta":{"_mc_calendar":[],"footnotes":""},"class_list":["post-545","page","type-page","status-publish","hentry"],"_links":{"self":[{"href":"https:\/\/www.pawelignatowicz.com\/pl\/wp-json\/wp\/v2\/pages\/545","targetHints":{"allow":["GET"]}}],"collection":[{"href":"https:\/\/www.pawelignatowicz.com\/pl\/wp-json\/wp\/v2\/pages"}],"about":[{"href":"https:\/\/www.pawelignatowicz.com\/pl\/wp-json\/wp\/v2\/types\/page"}],"author":[{"embeddable":true,"href":"https:\/\/www.pawelignatowicz.com\/pl\/wp-json\/wp\/v2\/users\/1"}],"replies":[{"embeddable":true,"href":"https:\/\/www.pawelignatowicz.com\/pl\/wp-json\/wp\/v2\/comments?post=545"}],"version-history":[{"count":15,"href":"https:\/\/www.pawelignatowicz.com\/pl\/wp-json\/wp\/v2\/pages\/545\/revisions"}],"predecessor-version":[{"id":1055,"href":"https:\/\/www.pawelignatowicz.com\/pl\/wp-json\/wp\/v2\/pages\/545\/revisions\/1055"}],"wp:attachment":[{"href":"https:\/\/www.pawelignatowicz.com\/pl\/wp-json\/wp\/v2\/media?parent=545"}],"curies":[{"name":"wp","href":"https:\/\/api.w.org\/{rel}","templated":true}]}}