{"id":715,"date":"2017-08-09T18:09:25","date_gmt":"2017-08-09T18:09:25","guid":{"rendered":"http:\/\/www.pawelignatowicz.com\/pl\/?page_id=715"},"modified":"2024-07-15T22:24:09","modified_gmt":"2024-07-15T22:24:09","slug":"epk","status":"publish","type":"page","link":"https:\/\/www.pawelignatowicz.com\/pl\/epk\/","title":{"rendered":"EPK"},"content":{"rendered":"<p class=\"has-text-align-left\"><em>&#8222;Pawel Ignatowicz jest jednym z najbardziej ekscytuj\u0105cych m\u0142odych gitarzyst\u00f3w jakiego s\u0142ysza\u0142em od d\u0142ugiego czasu. Jego nowy album jest pe\u0142en pi\u0119knych, dramatycznych kompozycji granych z wirtuozeri\u0105 i g\u0142\u0119bok\u0105, pe\u0142n\u0105 uczucia pasj\u0105. Ma pi\u0119kny ton i wspania\u0142e poczucie melodii, a wraz z jego szerok\u0105 palet\u0105 d\u017awi\u0119k\u00f3w gitarowych tworzy podr\u00f3\u017c, kt\u00f3ra porywa od pocz\u0105tku do ko\u0144ca. Jego gwiazda na pewno wzrasta&#8221;.<\/em><\/p>\n<p class=\"has-text-align-right\">&#8211; <strong>Dave Darlington<\/strong>, Bass Hit Recording \u2013 in<em>\u017c<\/em>ynier muzyczny \/ wielokrotny zdobywca nagr\u00f3d GRAMMY\u00ae\/USA<\/p>\n<div class=\"wp-block-image\">\n<figure class=\"alignleft\"><img decoding=\"async\" src=\"http:\/\/www.pawelignatowicz.com\/eng\/wp-content\/uploads\/2017\/08\/Hi3-1024x538.jpg\" alt=\"\" class=\"wp-image-986\"\/><\/figure>\n<\/div>\n<p>Gitarzysta i kompozytor Pawe\u0142 Ignatowicz urodzi\u0142 si\u0119 w 1980 roku w \u017bywcu. Wychowa\u0142 si\u0119 w muzykalnej rodzinie i ju\u017c od najm\u0142odszych lat mia\u0142 styczno\u015b\u0107 z mnogo\u015bci\u0105 instrument\u00f3w i ich r\u00f3\u017cnorodno\u015bci\u0105. W wieku 8 lat rozpocz\u0105\u0142 nauk\u0119 w Pa\u0144stwowej Szkole Muzycznej na klarnecie. Poszerzaj\u0105c swoje instrumentarium o saksofony, wci\u0105\u017c poszukiwa\u0142 instrumentu, w kt\u00f3rego specyfice m\u00f3g\u0142by wyrazi\u0107 ca\u0142\u0105 swoj\u0105 muzyczn\u0105 ekspresj\u0119. W ko\u0144cu dotar\u0142 do gitary. To jej, ju\u017c w wieku 10 lat, postanowi\u0142 si\u0119 po\u015bwi\u0119ci\u0107. Z biegiem lat, rezygnuj\u0105c z grania na innych instrumentach, skoncentrowa\u0142 si\u0119 na grze jedynie na tym instrumencie. Po uko\u0144czeniu szko\u0142y \u015bredniej po\u015bwi\u0119ci\u0142 si\u0119 studiom muzycznym na Uniwersytecie \u015al\u0105skim, k\u0142ad\u0105c nacisk szczeg\u00f3lnie na zaj\u0119cia z gitary jazzowej. W 2005 roku obroni\u0142 dyplom z wynikiem bardzo dobrym. Zaraz po obronieniu pracy magisterskiej wylecia\u0142 do Nowego Jorku, gdzie mieszka do dzisiaj. <em><strong><a href=\"http:\/\/www.pawelignatowicz.com\/pl\/wp-content\/uploads\/2017\/08\/Pawel-Ignatowicz-BIO-PL.doc\">Pobierz ca\u0142e BIO<\/a><\/strong><\/em><\/p>\n<div class=\"one_half\">Darkness at Noon<\/p>\n<figure class=\"wp-block-audio\"><audio controls src=\"http:\/\/www.pawelignatowicz.com\/eng\/wp-content\/uploads\/2017\/08\/04-Darkness-At-Noon.mp3\"><\/audio><\/figure>\n<p>Come and Go<\/p>\n<figure class=\"wp-block-audio\"><audio controls src=\"http:\/\/www.pawelignatowicz.com\/eng\/wp-content\/uploads\/2017\/08\/08-Come-And-Go.mp3\"><\/audio><\/figure>\n<p>Predawn<\/p>\n<figure class=\"wp-block-audio\"><audio controls src=\"http:\/\/www.pawelignatowicz.com\/eng\/wp-content\/uploads\/2017\/08\/03-Predawn.mp3\"><\/audio><\/figure>\n<p>Here and Now<\/p>\n<figure class=\"wp-block-audio\"><audio controls src=\"http:\/\/www.pawelignatowicz.com\/eng\/wp-content\/uploads\/2017\/08\/02-Here-And-Now.mp3\"><\/audio><\/figure>\n<\/div>\n<div class=\"one_half last\">\n<img loading=\"lazy\" decoding=\"async\" class=\"wp-image-877 alignleft\" src=\"http:\/\/www.pawelignatowicz.com\/eng\/wp-content\/uploads\/2018\/12\/04-Darkness-At-Noon-mp3-image-1024x921.jpg\" alt=\"\" width=\"342\" height=\"307\" \/>\n<\/div>\n<div class=\"clearboth\"><\/div>\n<div class=\"one_half\">\n<p><iframe loading=\"lazy\" src=\"https:\/\/www.youtube.com\/embed\/hfIOJjJ06Mk?rel=0\" width=\"100%\" height=\"225\" frameborder=\"0\" allowfullscreen=\"allowfullscreen\"><\/iframe>\n<\/div>\n<div class=\"one_half last\">\n<p>Ignatowicz nagra\u0142 sw\u00f3j\u0105 pierwsz\u0105 p\u0142yt\u0119 jako lider w 2008 roku, trzy lata po przylocie do Nowego Jorku. To pierwsze debiutanckie nagranie pt. &#8222;Talk To You Later&#8221; to trio i zawiera kompozycje Ignatowicza oraz dwie kompozycje jego muzycznych idoli, Herbie&#8217;go Hancock&#8217;a i Wayne Shorter&#8217;a. W 2011, nagra\u0142 \u015bcie\u017ck\u0119 d\u017awi\u0119kow\u0105 do filmu Rafa\u0142a Janusa pt. \u201eDouble Breath\u201d. Opr\u00f3cz tych projekt\u00f3w skomponowa\u0142 on wiele solowych utwor\u00f3w kt\u00f3re s\u0105 dost\u0119pne na jego stronie internetowej.<br \/>\nOstatni projekt, to nagranie z 2016, w kt\u00f3rym Ignatowicz wsp\u00f3\u0142pracuje z kwartetem m\u0142odych, uznanych muzyk\u00f3w \u017ceby nagra\u0107 nowy album \u201eHere and Now\u201d.\n<\/div>\n<div class=\"clearboth\"><\/div>\n<p>Na p\u0142ycie \u201cHere and Now\u201d us\u0142yszymy wp\u0142ywy muzyki akustycznej, elektrycznej, drum \u2018n\u2019 bass, muzyki latynoskiej, hinduskiej oraz minimalistycznej na kt\u00f3rej Ignatowicz gra na gitarze elektrycznej, akustycznej, syntezatorze gitarowym oraz elektrycznym sitarze a towarzysz\u0105 mu Ferenc Nemeth na perkusji, Julian Shore na fortepiania i instrumentach klawiszowych, Edward Perez na kontrabasie i Jonathan Singer na tabla. Album wybrzmiewa \u015bwie\u017cym i wsp\u00f3\u0142czesnym podej\u015bciem, kt\u00f3re, cho\u0107 wi\u0105\u017ce w sobie przer\u00f3\u017cne brzmienia akustyczne i bardzo melodyjn\u0105 koncepcj\u0119 albumu, wci\u0105\u017c pozostaje w tradycji i korzeniach jazzu. P\u0142yta zosta\u0142a zmiksowana przez znanego in\u017cyniera muzycznego Dave Darlington&#8217;a, zdobywce nagr\u00f3d GRAMMY\u00ae za swoja prace nad albumami takich artyst\u00f3w jak <strong>Wayne Shorter<\/strong>, <strong>Herbie Hancock, Brian Lynch<\/strong> z <strong>Eddie Palmieri<\/strong> czy <strong>Sting<\/strong>.<\/p>\n<div class=\"wp-block-image\">\n<figure class=\"alignright\"><img decoding=\"async\" src=\"http:\/\/www.pawelignatowicz.com\/eng\/wp-content\/uploads\/2017\/08\/DSCF4211sm.jpg\" alt=\"\" class=\"wp-image-707\"\/><\/figure>\n<\/div>\n<p><em>&#8222;Pawe\u0142 Ignatowicz jest szanowanym gitarzyst\u0105 i zapewne bezkonkurencyjn\u0105 polsk\u0105 gwiazd\u0105 dzi\u0119ki swojej niew\u0105tpliwej pewno\u015bci siebie. To zar\u00f3wno pierwszorz\u0119dny muzyk jak i &#8211; pod wzgl\u0119dem technicznym &#8211; gitarzysta wysokiej klasy.&#8221;<\/em><\/p>\n<p class=\"has-text-align-right\">&#8211; <strong>Alexander Schmitz,<\/strong> Jazz Podium\/Niemcy<\/p>\n<p><em>&#8222;Pawe\u0142 Ignatowicz prowadzi grup\u0119 gwiazd m\u0142odego pokolenia Nowego Jorku w tym gitarowym projekcie jazzowym. Jego ton jest bardzo silny, z bogat\u0105, ostr\u0105 jako\u015bci\u0105. Jego decyzja o opuszczeniu ojczystej Polski pokazuje, jak wiele nale\u017cy do jazzowej stolicy \u015bwiata. \u015awietny, kreatywny, jazzowy gitarowy g\u0142os&#8221;.<\/em><\/p>\n<p class=\"has-text-align-right\">\u2013 <strong>Mr. Biz Bisard \u2013 WNMC<\/strong> \u2013 Jazz Week reporting station<\/p>\n<div class=\"one_half\">\n<iframe loading=\"lazy\" src=\"https:\/\/www.youtube.com\/embed\/0pdb9RBlOmY\" width=\"100%\" height=\"225\" frameborder=\"0\" allowfullscreen=\"allowfullscreen\"><\/iframe>\n<\/div>\n<div class=\"one_half last\">\n<iframe loading=\"lazy\" src=\"https:\/\/www.youtube.com\/embed\/C3Q4lsR2G2o\" width=\"100%\" height=\"225\" frameborder=\"0\" allowfullscreen=\"allowfullscreen\"><\/iframe>\n<\/div>\n<div class=\"clearboth\"><\/div>\n<p><em>&#8222;To dla mnie wielki zaszczyt, m\u00f3c by\u0107 na scenie z jednym z m\u0142odych talent\u00f3w. Wiem, \u017ce bedzie o nim g\u0142o\u015bno, zar\u00f3wno jako o kompozytorze, jak i gitarzy\u015bcie. Pawe\u0142 jest r\u00f3wnie\u017c bardzo skromnym i dobrym koleg\u0105. I czuj\u0119 si\u0119 bardzo uhonorowany, graj\u0105c na jednej scenie z kim\u015b, kto posiada takie cechy. Samo do\u015bwiadczenie ju\u017c jest zaszczytem&#8221;.<\/em><\/p>\n<p class=\"has-text-align-right\"><strong>John Benitez<\/strong> \u2013 basista \/ zdobywca czterech nagr\u00f3d GRAMMY\u00ae<\/p>\n<div class=\"one_half\">\n<ol class=\"wp-block-list\">\n<li>Facing West<\/li>\n<\/ol>\n<figure class=\"wp-block-audio\"><audio controls src=\"http:\/\/www.pawelignatowicz.com\/pl\/wp-content\/uploads\/2017\/08\/Facing-West.mp3\"><\/audio><\/figure>\n<li>Here and Now\n<\/p>\n<\/li>\n<figure class=\"wp-block-audio\"><audio controls src=\"http:\/\/www.pawelignatowicz.com\/pl\/wp-content\/uploads\/2017\/08\/Here-and-Now.mp3\"><\/audio><\/figure>\n<li>Predawn\n<\/p>\n<\/li>\n<figure class=\"wp-block-audio\"><audio controls src=\"http:\/\/www.pawelignatowicz.com\/pl\/wp-content\/uploads\/2017\/08\/Predawn.mp3\"><\/audio><\/figure>\n<li>Darkness at Noon\n<\/p>\n<\/li>\n<figure class=\"wp-block-audio\"><audio controls src=\"http:\/\/www.pawelignatowicz.com\/pl\/wp-content\/uploads\/2017\/08\/Darkness-at-Noon.mp3\"><\/audio><\/figure>\n<li>High Hopes\n<\/p>\n<\/li>\n<figure class=\"wp-block-audio\"><audio controls src=\"http:\/\/www.pawelignatowicz.com\/pl\/wp-content\/uploads\/2017\/08\/High-Hopes.mp3\"><\/audio><\/figure>\n<\/div>\n<p><\/p>\n<div class=\"one_half last\">\n<ol class=\"wp-block-list\">\n<li>San Sebastian<\/li>\n<\/ol>\n<figure class=\"wp-block-audio\"><audio controls src=\"http:\/\/www.pawelignatowicz.com\/pl\/wp-content\/uploads\/2017\/08\/San-Sebastian.mp3\"><\/audio><\/figure>\n<li>Many Miles Away\n<\/p>\n<\/li>\n<figure class=\"wp-block-audio\"><audio controls src=\"http:\/\/www.pawelignatowicz.com\/pl\/wp-content\/uploads\/2017\/08\/Many-Miles-Away.mp3\"><\/audio><\/figure>\n<li>Come and Go\n<\/p>\n<\/li>\n<figure class=\"wp-block-audio\"><audio controls src=\"http:\/\/www.pawelignatowicz.com\/pl\/wp-content\/uploads\/2017\/08\/Come-and-Go.mp3\"><\/audio><\/figure>\n<li>Open Skies\n<\/p>\n<\/li>\n<figure class=\"wp-block-audio\"><audio controls src=\"http:\/\/www.pawelignatowicz.com\/pl\/wp-content\/uploads\/2017\/08\/Open-Skies.mp3\"><\/audio><\/figure>\n<li>Log Off\n<\/p>\n<\/li>\n<figure class=\"wp-block-audio\"><audio controls src=\"http:\/\/www.pawelignatowicz.com\/pl\/wp-content\/uploads\/2017\/08\/Log-Off.mp3\"><\/audio><\/figure>\n<\/div>\n<div class=\"clearboth\"><\/div>\n<p>=======================================================================<\/p>\n<p class=\"has-text-align-left\"><em>&#8222;Wygl\u0105da na to, \u017ce nie mamy wystarczaj\u0105co wielu naszych w\u0142asnych wybitnych gitarzyst\u00f3w, wi\u0119c musieli\u015bmy sprowadzi\u0107 jednego, \u017ceby trzyma\u0107 wszystkich w napi\u0119ciu. Graj\u0105c poza oczekiwanymi schematami, Ignatowicz prezentuje \u0142agodne brzmienie gitary, ale nie potrzebuje fajerwerk\u00f3w, by przekaza\u0107 swoje przes\u0142anie. Doskonale zna odpowiednie umiej\u0119tno\u015bci, kt\u00f3re pozwalaj\u0105 mu wyr\u00f3\u017cnia\u0107 si\u0119 nawet wtedy, gdy jest dyskretny. To na\u0142adowana atmosfera, kt\u00f3rej nie b\u0119dziesz m\u00f3g\u0142 trzyma\u0107 w tle zbyt d\u0142ugo, bez wzgl\u0119du na to, jak bardzo si\u0119 b\u0119dziesz stara\u0142. Cudowny elektryczny smak czego\u015b innego&#8221;.<\/em><\/p>\n<p class=\"has-text-align-right\">&#8211; <strong>CHRIS SPECTOR, Midwest Record &#8211; 11\/15\/17\/USA<\/strong><\/p>\n","protected":false},"excerpt":{"rendered":"<p>&#8222;Pawel Ignatowicz jest jednym z najbardziej ekscytuj\u0105cych m\u0142odych gitarzyst\u00f3w jakiego s\u0142ysza\u0142em od d\u0142ugiego czasu. Jego nowy album jest pe\u0142en pi\u0119knych, dramatycznych kompozycji granych z wirtuozeri\u0105 i g\u0142\u0119bok\u0105, pe\u0142n\u0105 uczucia pasj\u0105. Ma pi\u0119kny ton i wspania\u0142e poczucie melodii, a wraz z jego szerok\u0105 palet\u0105 d\u017awi\u0119k\u00f3w gitarowych tworzy podr\u00f3\u017c, kt\u00f3ra porywa od pocz\u0105tku do ko\u0144ca. Jego gwiazda [&hellip;]<\/p>\n","protected":false},"author":1,"featured_media":0,"parent":0,"menu_order":0,"comment_status":"closed","ping_status":"closed","template":"page-fullwidth.php","meta":{"_mc_calendar":[],"footnotes":""},"class_list":["post-715","page","type-page","status-publish","hentry"],"_links":{"self":[{"href":"https:\/\/www.pawelignatowicz.com\/pl\/wp-json\/wp\/v2\/pages\/715","targetHints":{"allow":["GET"]}}],"collection":[{"href":"https:\/\/www.pawelignatowicz.com\/pl\/wp-json\/wp\/v2\/pages"}],"about":[{"href":"https:\/\/www.pawelignatowicz.com\/pl\/wp-json\/wp\/v2\/types\/page"}],"author":[{"embeddable":true,"href":"https:\/\/www.pawelignatowicz.com\/pl\/wp-json\/wp\/v2\/users\/1"}],"replies":[{"embeddable":true,"href":"https:\/\/www.pawelignatowicz.com\/pl\/wp-json\/wp\/v2\/comments?post=715"}],"version-history":[{"count":90,"href":"https:\/\/www.pawelignatowicz.com\/pl\/wp-json\/wp\/v2\/pages\/715\/revisions"}],"predecessor-version":[{"id":1023,"href":"https:\/\/www.pawelignatowicz.com\/pl\/wp-json\/wp\/v2\/pages\/715\/revisions\/1023"}],"wp:attachment":[{"href":"https:\/\/www.pawelignatowicz.com\/pl\/wp-json\/wp\/v2\/media?parent=715"}],"curies":[{"name":"wp","href":"https:\/\/api.w.org\/{rel}","templated":true}]}}