{"id":728,"date":"2017-08-09T18:40:09","date_gmt":"2017-08-09T18:40:09","guid":{"rendered":"http:\/\/www.pawelignatowicz.com\/pl\/?page_id=728"},"modified":"2023-05-04T17:24:08","modified_gmt":"2023-05-04T17:24:08","slug":"here-and-now","status":"publish","type":"page","link":"https:\/\/www.pawelignatowicz.com\/pl\/muzyka\/here-and-now\/","title":{"rendered":"Here and Now"},"content":{"rendered":"<div class=\"two_third\">\n<p style=\"text-align: right;\"><img loading=\"lazy\" decoding=\"async\" width=\"700\" height=\"630\" class=\"alignnone size-full wp-image-796\" src=\"http:\/\/www.pawelignatowicz.com\/pl\/wp-content\/uploads\/2017\/08\/pawel_cover11v3_sm.jpg\" alt=\"pawel_cover11v3_sm\" srcset=\"https:\/\/www.pawelignatowicz.com\/pl\/wp-content\/uploads\/2017\/08\/pawel_cover11v3_sm.jpg 700w, https:\/\/www.pawelignatowicz.com\/pl\/wp-content\/uploads\/2017\/08\/pawel_cover11v3_sm-300x270.jpg 300w\" sizes=\"auto, (max-width: 700px) 100vw, 700px\" \/><\/p>\n<p style=\"text-align: right;\">Muzyka skomponowana i zaaran\u017cowana przez Paw\u0142a Ignatowicza<\/p>\n<p style=\"text-align: right;\">Produkcja &#8211; Pawe\u0142 Ignatowicz<br \/>\nIn\u017cynieria i nagranie &#8211; Max Ross<br \/>\nNagrano 14 lutego 2016 w Systems Two Recording Studio, Brooklyn, NY<br \/>\nDodatkowe nagranie w Bass Hit Recording i Music Laboratory Studio<br \/>\nMix i Mastering &#8211; Dave Darlington w Bass Hit Recording, New York, NY<\/p>\n<p style=\"text-align: right;\">Pawel Ignatowicz: Gitara Elektryczna, Akustyczna, Syntezator Gitarowy, Sitar Elektryczny<br \/>\nJulian Shore: Fortepian, Instrumenty Klawiszowe<br \/>\nFerenc Nemeth: Perkusja<br \/>\nEdward Perez: Kontrabas<br \/>\nJonathan Singer: Tabla<\/p>\n<p>&nbsp;<\/p>\n<p style=\"text-align: left;\">Na p\u0142ycie \u201cHere and Now\u201d us\u0142yszymy wp\u0142ywy muzyki akustycznej, elektrycznej, drum \u2018n\u2019 bass, muzyki latynoskiej, hinduskiej oraz minimalistycznej. Bogaty jest r\u00f3wnie\u017c zestaw instrumentalny Pawla Ignatowicza. Wykorzysta\u0142 on w swoich improwizacjach brzmienia gitary elektrycznej, akustycznej, syntezatora gitarowego i elektrycznego sitaru. Towarzysz\u0105 mu Ferenc Nemeth na perkusji, Julian Shore na fortepianie i instrumentach klawiszowych, Edward Perez na kontrabasie oraz Jonathan Singer na tablach. Album wybrzmiewa \u015bwie\u017cym i wsp\u00f3\u0142czesnym podej\u015bciem, kt\u00f3re, cho\u0107 wi\u0105\u017ce w sobie przer\u00f3\u017cne brzmienia akustyczne i bardzo melodyjn\u0105 koncepcj\u0119 albumu, wci\u0105\u017c pozostaje w tradycji i korzeniach jazzu.<\/p>\n<p>&nbsp;<\/p>\n<\/div>\n<div class=\"one_third last\">\n<strong>CD \u00a0\u00a0 <\/strong><a title=\"Kup CD\" href=\"https:\/\/www.paypal.com\/cgi-bin\/webscr?cmd=_s-xclick&amp;hosted_button_id=3W7PZSXWLPYP6\" target=\"_blank\"><strong><img loading=\"lazy\" decoding=\"async\" class=\"alignnone size-full wp-image-701\" src=\"http:\/\/www.pawelignatowicz.com\/pl\/wp-content\/uploads\/2012\/01\/btn_cart_SMpl.gif\" alt=\"btn_cart_SMpl\" width=\"136\" height=\"21\" \/><\/strong><\/a><br \/>\n<strong>Mp3\u00a0 <\/strong><strong><a title=\"Kup MP3\" href=\"https:\/\/www.paypal.com\/cgi-bin\/webscr?cmd=_s-xclick&amp;hosted_button_id=R9MQ79ZTFMXZE\" target=\"_blank\"><img decoding=\"async\" class=\"alignnone size-full wp-image-701\" src=\"http:\/\/www.pawelignatowicz.com\/pl\/wp-content\/uploads\/2012\/01\/btn_cart_SMpl.gif\" alt=\"btn_cart_SMpl\" width=\"&quot;136&lt;\/p\" \/><\/a><\/strong><\/p>\n<p><strong> Sklep w Polsce<\/strong><\/p>\n<p><strong>CD \u00a0 \u00a0 <\/strong><strong><a href=\"https:\/\/www.paypal.com\/cgi-bin\/webscr?cmd=_s-xclick&amp;hosted_button_id=35BAQH9Q4NDBN\" target=\"_blank\"><img loading=\"lazy\" decoding=\"async\" class=\"alignnone wp-image-701 size-full\" src=\"http:\/\/www.pawelignatowicz.com\/pl\/wp-content\/uploads\/2012\/01\/btn_cart_SMpl.gif\" alt=\"btn_cart_SMpl\" width=\"136\" height=\"21\" \/><\/a><\/strong><br \/>\n<strong>Mp3 \u00a0 <\/strong><strong><a href=\"https:\/\/www.paypal.com\/cgi-bin\/webscr?cmd=_s-xclick&amp;hosted_button_id=KFFKGKREYNWQ4\" target=\"_blank\"><img loading=\"lazy\" decoding=\"async\" class=\"alignnone wp-image-701 size-full\" src=\"http:\/\/www.pawelignatowicz.com\/pl\/wp-content\/uploads\/2012\/01\/btn_cart_SMpl.gif\" alt=\"btn_cart_SMpl\" width=\"136\" height=\"21\" \/><\/a><\/strong><\/p>\n<ol>\n<li>Facing West<audio class=\"wp-audio-shortcode\" id=\"audio-728-1\" preload=\"auto\" style=\"width: 100%;\" controls=\"controls\"><source type=\"audio\/mpeg\" src=\"http:\/\/www.pawelignatowicz.com\/pl\/wp-content\/uploads\/2017\/08\/Facing-West.mp3?_=1\" \/><a href=\"http:\/\/www.pawelignatowicz.com\/pl\/wp-content\/uploads\/2017\/08\/Facing-West.mp3\">http:\/\/www.pawelignatowicz.com\/pl\/wp-content\/uploads\/2017\/08\/Facing-West.mp3<\/a><\/audio><\/li>\n<li>Here and Now<audio class=\"wp-audio-shortcode\" id=\"audio-728-2\" preload=\"none\" style=\"width: 100%;\" controls=\"controls\"><source type=\"audio\/mpeg\" src=\"http:\/\/www.pawelignatowicz.com\/pl\/wp-content\/uploads\/2017\/08\/Here-and-Now.mp3?_=2\" \/><a href=\"http:\/\/www.pawelignatowicz.com\/pl\/wp-content\/uploads\/2017\/08\/Here-and-Now.mp3\">http:\/\/www.pawelignatowicz.com\/pl\/wp-content\/uploads\/2017\/08\/Here-and-Now.mp3<\/a><\/audio><\/li>\n<li>Predawn<audio class=\"wp-audio-shortcode\" id=\"audio-728-3\" preload=\"none\" style=\"width: 100%;\" controls=\"controls\"><source type=\"audio\/mpeg\" src=\"http:\/\/www.pawelignatowicz.com\/pl\/wp-content\/uploads\/2017\/08\/Predawn.mp3?_=3\" \/><a href=\"http:\/\/www.pawelignatowicz.com\/pl\/wp-content\/uploads\/2017\/08\/Predawn.mp3\">http:\/\/www.pawelignatowicz.com\/pl\/wp-content\/uploads\/2017\/08\/Predawn.mp3<\/a><\/audio><\/li>\n<li>Darkness at Noon<audio class=\"wp-audio-shortcode\" id=\"audio-728-4\" preload=\"none\" style=\"width: 100%;\" controls=\"controls\"><source type=\"audio\/mpeg\" src=\"http:\/\/www.pawelignatowicz.com\/pl\/wp-content\/uploads\/2017\/08\/Darkness-at-Noon.mp3?_=4\" \/><a href=\"http:\/\/www.pawelignatowicz.com\/pl\/wp-content\/uploads\/2017\/08\/Darkness-at-Noon.mp3\">http:\/\/www.pawelignatowicz.com\/pl\/wp-content\/uploads\/2017\/08\/Darkness-at-Noon.mp3<\/a><\/audio><\/li>\n<li>High Hopes<audio class=\"wp-audio-shortcode\" id=\"audio-728-5\" preload=\"none\" style=\"width: 100%;\" controls=\"controls\"><source type=\"audio\/mpeg\" src=\"http:\/\/www.pawelignatowicz.com\/pl\/wp-content\/uploads\/2017\/08\/High-Hopes.mp3?_=5\" \/><a href=\"http:\/\/www.pawelignatowicz.com\/pl\/wp-content\/uploads\/2017\/08\/High-Hopes.mp3\">http:\/\/www.pawelignatowicz.com\/pl\/wp-content\/uploads\/2017\/08\/High-Hopes.mp3<\/a><\/audio><\/li>\n<li>San Sebastian<audio class=\"wp-audio-shortcode\" id=\"audio-728-6\" preload=\"none\" style=\"width: 100%;\" controls=\"controls\"><source type=\"audio\/mpeg\" src=\"http:\/\/www.pawelignatowicz.com\/pl\/wp-content\/uploads\/2017\/08\/San-Sebastian.mp3?_=6\" \/><a href=\"http:\/\/www.pawelignatowicz.com\/pl\/wp-content\/uploads\/2017\/08\/San-Sebastian.mp3\">http:\/\/www.pawelignatowicz.com\/pl\/wp-content\/uploads\/2017\/08\/San-Sebastian.mp3<\/a><\/audio><\/li>\n<li>Many Miles Away<audio class=\"wp-audio-shortcode\" id=\"audio-728-7\" preload=\"none\" style=\"width: 100%;\" controls=\"controls\"><source type=\"audio\/mpeg\" src=\"http:\/\/www.pawelignatowicz.com\/pl\/wp-content\/uploads\/2017\/08\/Many-Miles-Away.mp3?_=7\" \/><a href=\"http:\/\/www.pawelignatowicz.com\/pl\/wp-content\/uploads\/2017\/08\/Many-Miles-Away.mp3\">http:\/\/www.pawelignatowicz.com\/pl\/wp-content\/uploads\/2017\/08\/Many-Miles-Away.mp3<\/a><\/audio><\/li>\n<li>Come and Go<audio class=\"wp-audio-shortcode\" id=\"audio-728-8\" preload=\"none\" style=\"width: 100%;\" controls=\"controls\"><source type=\"audio\/mpeg\" src=\"http:\/\/www.pawelignatowicz.com\/pl\/wp-content\/uploads\/2017\/08\/Come-and-Go.mp3?_=8\" \/><a href=\"http:\/\/www.pawelignatowicz.com\/pl\/wp-content\/uploads\/2017\/08\/Come-and-Go.mp3\">http:\/\/www.pawelignatowicz.com\/pl\/wp-content\/uploads\/2017\/08\/Come-and-Go.mp3<\/a><\/audio><\/li>\n<li>Open Skies<audio class=\"wp-audio-shortcode\" id=\"audio-728-9\" preload=\"none\" style=\"width: 100%;\" controls=\"controls\"><source type=\"audio\/mpeg\" src=\"http:\/\/www.pawelignatowicz.com\/pl\/wp-content\/uploads\/2017\/08\/Open-Skies.mp3?_=9\" \/><a href=\"http:\/\/www.pawelignatowicz.com\/pl\/wp-content\/uploads\/2017\/08\/Open-Skies.mp3\">http:\/\/www.pawelignatowicz.com\/pl\/wp-content\/uploads\/2017\/08\/Open-Skies.mp3<\/a><\/audio><\/li>\n<li>Log Off<audio class=\"wp-audio-shortcode\" id=\"audio-728-10\" preload=\"none\" style=\"width: 100%;\" controls=\"controls\"><source type=\"audio\/mpeg\" src=\"http:\/\/www.pawelignatowicz.com\/pl\/wp-content\/uploads\/2017\/08\/Log-Off.mp3?_=10\" \/><a href=\"http:\/\/www.pawelignatowicz.com\/pl\/wp-content\/uploads\/2017\/08\/Log-Off.mp3\">http:\/\/www.pawelignatowicz.com\/pl\/wp-content\/uploads\/2017\/08\/Log-Off.mp3<\/a><\/audio><\/li>\n<\/ol>\n<\/div>\n<div class=\"clearboth\"><\/div>\n","protected":false},"excerpt":{"rendered":"","protected":false},"author":1,"featured_media":0,"parent":87,"menu_order":0,"comment_status":"closed","ping_status":"closed","template":"page-fullwidth.php","meta":{"_mc_calendar":[],"footnotes":""},"class_list":["post-728","page","type-page","status-publish","hentry"],"_links":{"self":[{"href":"https:\/\/www.pawelignatowicz.com\/pl\/wp-json\/wp\/v2\/pages\/728","targetHints":{"allow":["GET"]}}],"collection":[{"href":"https:\/\/www.pawelignatowicz.com\/pl\/wp-json\/wp\/v2\/pages"}],"about":[{"href":"https:\/\/www.pawelignatowicz.com\/pl\/wp-json\/wp\/v2\/types\/page"}],"author":[{"embeddable":true,"href":"https:\/\/www.pawelignatowicz.com\/pl\/wp-json\/wp\/v2\/users\/1"}],"replies":[{"embeddable":true,"href":"https:\/\/www.pawelignatowicz.com\/pl\/wp-json\/wp\/v2\/comments?post=728"}],"version-history":[{"count":41,"href":"https:\/\/www.pawelignatowicz.com\/pl\/wp-json\/wp\/v2\/pages\/728\/revisions"}],"predecessor-version":[{"id":959,"href":"https:\/\/www.pawelignatowicz.com\/pl\/wp-json\/wp\/v2\/pages\/728\/revisions\/959"}],"up":[{"embeddable":true,"href":"https:\/\/www.pawelignatowicz.com\/pl\/wp-json\/wp\/v2\/pages\/87"}],"wp:attachment":[{"href":"https:\/\/www.pawelignatowicz.com\/pl\/wp-json\/wp\/v2\/media?parent=728"}],"curies":[{"name":"wp","href":"https:\/\/api.w.org\/{rel}","templated":true}]}}